{"id":2,"date":"2022-03-08T09:04:13","date_gmt":"2022-03-08T08:04:13","guid":{"rendered":"http:\/\/les3domaines-epernay.com\/?page_id=2"},"modified":"2022-03-30T16:21:42","modified_gmt":"2022-03-30T14:21:42","slug":"page-d-exemple","status":"publish","type":"page","link":"https:\/\/les3domaines-epernay.com\/?page_id=2","title":{"rendered":"Mentions l\u00e9gales"},"content":{"rendered":"\t\t<div data-elementor-type=\"wp-page\" data-elementor-id=\"2\" class=\"elementor elementor-2\" data-elementor-settings=\"[]\">\n\t\t\t\t\t\t\t<div class=\"elementor-section-wrap\">\n\t\t\t\t\t\t\t<section class=\"elementor-section elementor-top-section elementor-element elementor-element-6da850c6 elementor-section-boxed elementor-section-height-default elementor-section-height-default parallax_section_no qode_elementor_container_no\" data-id=\"6da850c6\" data-element_type=\"section\">\n\t\t\t\t\t\t<div class=\"elementor-container elementor-column-gap-default\">\n\t\t\t\t\t<div class=\"elementor-column elementor-col-100 elementor-top-column elementor-element elementor-element-748ac138\" data-id=\"748ac138\" data-element_type=\"column\">\n\t\t\t<div class=\"elementor-widget-wrap elementor-element-populated\">\n\t\t\t\t\t\t\t\t<div class=\"elementor-element elementor-element-5506bb77 elementor-widget elementor-widget-text-editor\" data-id=\"5506bb77\" data-element_type=\"widget\" data-widget_type=\"text-editor.default\">\n\t\t\t\t<div class=\"elementor-widget-container\">\n\t\t\t<style>\/*! elementor - v3.5.6 - 28-02-2022 *\/\n.elementor-widget-text-editor.elementor-drop-cap-view-stacked .elementor-drop-cap{background-color:#818a91;color:#fff}.elementor-widget-text-editor.elementor-drop-cap-view-framed .elementor-drop-cap{color:#818a91;border:3px solid;background-color:transparent}.elementor-widget-text-editor:not(.elementor-drop-cap-view-default) .elementor-drop-cap{margin-top:8px}.elementor-widget-text-editor:not(.elementor-drop-cap-view-default) .elementor-drop-cap-letter{width:1em;height:1em}.elementor-widget-text-editor .elementor-drop-cap{float:left;text-align:center;line-height:1;font-size:50px}.elementor-widget-text-editor .elementor-drop-cap-letter{display:inline-block}<\/style>\t\t\t\t<!-- wp:paragraph -->\n<h2>Mentions l\u00e9gales<\/h2>\n<h1>Les 3 Domaines Patrick Boivin, Vincent Testulat, Janisson-Baradon.<\/h1>\n<p>\u00a0<\/p>\n<p>1 Av. de Champagne, 51200 \u00c9pernay<\/p>\n<p>\u00a0<\/p>\n<p>T\u00e9l. : <strong>\u00a0<\/strong><a href=\"https:\/\/www.google.com\/search?q=les+3+domaine+epernay&amp;sxsrf=APq-WBu63fHOZW5Ukmekn1x7mUNCAhkABQ%3A1648649790775&amp;ei=PmZEYqOBL8WmadzFsfgD&amp;ved=0ahUKEwijmI2Jg-72AhVFUxoKHdxiDD8Q4dUDCA4&amp;uact=5&amp;oq=les+3+domaine+epernay&amp;gs_lcp=Cgdnd3Mtd2l6EAMyBggAEBYQHjoHCCMQsAMQJzoHCAAQRxCwAzoICCEQFhAdEB5KBAhBGABKBAhGGABQmgJYwBBgoRVoAXABeACAAagBiAGNB5IBAzEuN5gBAKABAcgBCcABAQ&amp;sclient=gws-wiz\">06 76 93 46 99<\/a><\/p>\n<p>Responsabilit\u00e9 de la publication : loren-n com<\/p>\n<p>\u00a0<\/p>\n<p>Conception et D\u00e9veloppement : loren-n com<\/p>\n<p>\u00a0<\/p>\n<p>Cr\u00e9dits Photos : les 3 domaines<\/p>\n<p>\u00a0<\/p>\n<p>H\u00e9bergement : OVH \u2013 Si\u00e8ge social : 2 rue Kellermann \u2013 59100 Roubaix \u2013 France.<\/p>\n<p>\u00a0<\/p>\n<p>L\u2019\u00e9diteur s\u2019engage \u00e0 respecter les lois concernant la mise en place et la cr\u00e9ation de site Internet.<\/p>\n<p>\u00a0<\/p>\n<p>Politique de confidentialit\u00e9<\/p>\n<p>L\u2019\u00e9diteur du pr\u00e9sent site internet a pour principe et obligation de prot\u00e9ger la vie priv\u00e9e de tous ses utilisateurs. En effet, nous collectons des informations, incluant des donn\u00e9es personnelles, lorsque vous vous inscrivez ou naviguez sur le site. \u00c9galement, lorsque vous nous envoyez des messages ou bien lorsque vous remplissez un formulaire sur le site. Ces informations et donn\u00e9es personnelles vous concernant, comprennent par exemple : votre nom, pr\u00e9nom, soci\u00e9t\u00e9, adresse postale, e-mail, num\u00e9ro de t\u00e9l\u00e9phone, ainsi que toute autre information personnellement identifiable.<\/p>\n<p>\u00a0<\/p>\n<p>Nous pouvons aussi recueillir et analyser certaines donn\u00e9es qui nous sont envoy\u00e9es automatiquement par l\u2019ordinateur et qui sont li\u00e9es \u00e0 l\u2019utilisation du site. Par exemple : le nom de domaine, le nombre de clics, les pages visit\u00e9es, les sites pr\u00e9c\u00e9dents\/suivants visit\u00e9s ainsi que la dur\u00e9e de la session d\u2019utilisateur. Ces donn\u00e9es peuvent \u00eatre recueillies par le biais de cookies.<\/p>\n<p>\u00a0<\/p>\n<p>Dans tous les cas, nous ne louons, ni vendons pas vos donn\u00e9es personnelles \u00e0 des tierces parties. Ces derni\u00e8res servent exclusivement \u00e0 vous apporter les meilleurs r\u00e9ponses et services (devis, facturation, newsletter\u2026). Sachez que nous conservons les donn\u00e9es marketing 3 ans maximum et les donn\u00e9es li\u00e9es \u00e0 la facturation des commandes 6 ans maximum.<\/p>\n<p>\u00a0<\/p>\n<p>A tout moment, vous avez le droit de rectifier, modifier, supprimer ou recueillir (au format .csv) vos donn\u00e9es \u00e0 caract\u00e8re personnel. Pour cela, il vous suffit simplement de nous contacter en utilisant le formulaire de contact mis \u00e0 votre disposition sur ce site.<\/p>\n<p>\u00a0<\/p>\n<p>Gestion des cookies<\/p>\n<p>Lors de la consultation du pr\u00e9sent site, des cookies peuvent \u00eatre d\u00e9pos\u00e9s sur votre ordinateur, votre smartphone, votre tablette ou tout autre terminal utilis\u00e9. Sachez qu\u2019un cookie est un fichier texte d\u00e9pos\u00e9 sur votre appareil lors de la navigation sur un site ou bien lors de la consultation d\u2019une publicit\u00e9 en ligne. Ce dernier a pour but de collecter des informations relatives \u00e0 votre navigation afin de vous adresser des services mieux adapt\u00e9s. Les cookies sont g\u00e9r\u00e9s par votre navigateur internet (Microsoft Edge, Internet Explorer, Firefox, Google Chrome, Safari, Android Browser\u2026).<\/p>\n<p>\u00a0<\/p>\n<p>A tout moment, vous avez la possibilit\u00e9 de d\u00e9sactiver l\u2019utilisation de ces cookies. En effet, votre navigateur peut \u00eatre param\u00e9tr\u00e9 afin de vous signaler les cookies qui sont d\u00e9pos\u00e9s et de vous demander de les accepter ou non. Ainsi, vous avez le choix d\u2019accepter ou de refuser les cookies, au cas par cas, ou bien les refuser d\u00e9finitivement.<\/p>\n<p>\u00a0<\/p>\n<p>Attention : nous vous informons que ce param\u00e9trage est susceptible de modifier vos conditions d\u2019acc\u00e8s aux contenus et services de notre site n\u00e9cessitant l\u2019utilisation de cookies. N\u2019h\u00e9sitez-pas \u00e0 nous contacter si besoin. Une fois de plus, sachez que dans tous les cas, nous ne louons, ni vendons pas vos donn\u00e9es personnelles \u00e0 des tierces parties.<\/p>\n<!-- \/wp:paragraph -->\t\t\t\t\t\t<\/div>\n\t\t\t\t<\/div>\n\t\t\t\t\t<\/div>\n\t\t<\/div>\n\t\t\t\t\t\t\t<\/div>\n\t\t<\/section>\n\t\t\t\t\t\t<\/div>\n\t\t\t\t\t<\/div>\n\t\t","protected":false},"excerpt":{"rendered":"<p>Mentions l\u00e9gales Les 3 Domaines Patrick Boivin, Vincent Testulat, Janisson-Baradon. \u00a0 1 Av. de Champagne, 51200 \u00c9pernay \u00a0 T\u00e9l. : \u00a006 76 93 46 99 Responsabilit\u00e9 de la publication : loren-n com \u00a0 Conception et D\u00e9veloppement : loren-n com \u00a0 Cr\u00e9dits Photos : les 3&#8230;<\/p>\n","protected":false},"author":1,"featured_media":0,"parent":0,"menu_order":0,"comment_status":"closed","ping_status":"open","template":"","meta":{"footnotes":""},"class_list":["post-2","page","type-page","status-publish","hentry"],"yoast_head":"<!-- This site is optimized with the Yoast SEO plugin v19.3 - https:\/\/yoast.com\/wordpress\/plugins\/seo\/ -->\n<title>Mentions l\u00e9gales - Les 3 domaines Epernay<\/title>\n<meta name=\"robots\" content=\"index, follow, max-snippet:-1, max-image-preview:large, max-video-preview:-1\" \/>\n<link rel=\"canonical\" href=\"https:\/\/les3domaines-epernay.com\/?page_id=2\" \/>\n<meta property=\"og:locale\" content=\"fr_FR\" \/>\n<meta property=\"og:type\" content=\"article\" \/>\n<meta property=\"og:title\" content=\"Mentions l\u00e9gales - Les 3 domaines Epernay\" \/>\n<meta property=\"og:description\" content=\"Mentions l\u00e9gales Les 3 Domaines Patrick Boivin, Vincent Testulat, Janisson-Baradon. \u00a0 1 Av. de Champagne, 51200 \u00c9pernay \u00a0 T\u00e9l. : \u00a006 76 93 46 99 Responsabilit\u00e9 de la publication : loren-n com \u00a0 Conception et D\u00e9veloppement : loren-n com \u00a0 Cr\u00e9dits Photos : les 3...\" \/>\n<meta property=\"og:url\" content=\"https:\/\/les3domaines-epernay.com\/?page_id=2\" \/>\n<meta property=\"og:site_name\" content=\"Les 3 domaines Epernay\" \/>\n<meta property=\"article:publisher\" content=\"https:\/\/www.facebook.com\/les3domainesEpernay\" \/>\n<meta property=\"article:modified_time\" content=\"2022-03-30T14:21:42+00:00\" \/>\n<meta name=\"twitter:card\" content=\"summary_large_image\" \/>\n<meta name=\"twitter:label1\" content=\"Dur\u00e9e de lecture estim\u00e9e\" \/>\n\t<meta name=\"twitter:data1\" content=\"3 minutes\" \/>\n<script type=\"application\/ld+json\" class=\"yoast-schema-graph\">{\"@context\":\"https:\/\/schema.org\",\"@graph\":[{\"@type\":\"WebSite\",\"@id\":\"https:\/\/les3domaines-epernay.com\/#website\",\"url\":\"https:\/\/les3domaines-epernay.com\/\",\"name\":\"Les 3 domaines Epernay\",\"description\":\"Espace de D\u00e9gustation - Vente \u00e0 emporter - Champagne de Producteurs\",\"potentialAction\":[{\"@type\":\"SearchAction\",\"target\":{\"@type\":\"EntryPoint\",\"urlTemplate\":\"https:\/\/les3domaines-epernay.com\/?s={search_term_string}\"},\"query-input\":\"required name=search_term_string\"}],\"inLanguage\":\"fr-FR\"},{\"@type\":\"WebPage\",\"@id\":\"https:\/\/les3domaines-epernay.com\/?page_id=2\",\"url\":\"https:\/\/les3domaines-epernay.com\/?page_id=2\",\"name\":\"Mentions l\u00e9gales - Les 3 domaines Epernay\",\"isPartOf\":{\"@id\":\"https:\/\/les3domaines-epernay.com\/#website\"},\"datePublished\":\"2022-03-08T08:04:13+00:00\",\"dateModified\":\"2022-03-30T14:21:42+00:00\",\"breadcrumb\":{\"@id\":\"https:\/\/les3domaines-epernay.com\/?page_id=2#breadcrumb\"},\"inLanguage\":\"fr-FR\",\"potentialAction\":[{\"@type\":\"ReadAction\",\"target\":[\"https:\/\/les3domaines-epernay.com\/?page_id=2\"]}]},{\"@type\":\"BreadcrumbList\",\"@id\":\"https:\/\/les3domaines-epernay.com\/?page_id=2#breadcrumb\",\"itemListElement\":[{\"@type\":\"ListItem\",\"position\":1,\"name\":\"Accueil\",\"item\":\"https:\/\/les3domaines-epernay.com\/\"},{\"@type\":\"ListItem\",\"position\":2,\"name\":\"Mentions l\u00e9gales\"}]}]}<\/script>\n<!-- \/ Yoast SEO plugin. -->","yoast_head_json":{"title":"Mentions l\u00e9gales - Les 3 domaines Epernay","robots":{"index":"index","follow":"follow","max-snippet":"max-snippet:-1","max-image-preview":"max-image-preview:large","max-video-preview":"max-video-preview:-1"},"canonical":"https:\/\/les3domaines-epernay.com\/?page_id=2","og_locale":"fr_FR","og_type":"article","og_title":"Mentions l\u00e9gales - Les 3 domaines Epernay","og_description":"Mentions l\u00e9gales Les 3 Domaines Patrick Boivin, Vincent Testulat, Janisson-Baradon. \u00a0 1 Av. de Champagne, 51200 \u00c9pernay \u00a0 T\u00e9l. : \u00a006 76 93 46 99 Responsabilit\u00e9 de la publication : loren-n com \u00a0 Conception et D\u00e9veloppement : loren-n com \u00a0 Cr\u00e9dits Photos : les 3...","og_url":"https:\/\/les3domaines-epernay.com\/?page_id=2","og_site_name":"Les 3 domaines Epernay","article_publisher":"https:\/\/www.facebook.com\/les3domainesEpernay","article_modified_time":"2022-03-30T14:21:42+00:00","twitter_card":"summary_large_image","twitter_misc":{"Dur\u00e9e de lecture estim\u00e9e":"3 minutes"},"schema":{"@context":"https:\/\/schema.org","@graph":[{"@type":"WebSite","@id":"https:\/\/les3domaines-epernay.com\/#website","url":"https:\/\/les3domaines-epernay.com\/","name":"Les 3 domaines Epernay","description":"Espace de D\u00e9gustation - Vente \u00e0 emporter - Champagne de Producteurs","potentialAction":[{"@type":"SearchAction","target":{"@type":"EntryPoint","urlTemplate":"https:\/\/les3domaines-epernay.com\/?s={search_term_string}"},"query-input":"required name=search_term_string"}],"inLanguage":"fr-FR"},{"@type":"WebPage","@id":"https:\/\/les3domaines-epernay.com\/?page_id=2","url":"https:\/\/les3domaines-epernay.com\/?page_id=2","name":"Mentions l\u00e9gales - Les 3 domaines Epernay","isPartOf":{"@id":"https:\/\/les3domaines-epernay.com\/#website"},"datePublished":"2022-03-08T08:04:13+00:00","dateModified":"2022-03-30T14:21:42+00:00","breadcrumb":{"@id":"https:\/\/les3domaines-epernay.com\/?page_id=2#breadcrumb"},"inLanguage":"fr-FR","potentialAction":[{"@type":"ReadAction","target":["https:\/\/les3domaines-epernay.com\/?page_id=2"]}]},{"@type":"BreadcrumbList","@id":"https:\/\/les3domaines-epernay.com\/?page_id=2#breadcrumb","itemListElement":[{"@type":"ListItem","position":1,"name":"Accueil","item":"https:\/\/les3domaines-epernay.com\/"},{"@type":"ListItem","position":2,"name":"Mentions l\u00e9gales"}]}]}},"_links":{"self":[{"href":"https:\/\/les3domaines-epernay.com\/index.php?rest_route=\/wp\/v2\/pages\/2","targetHints":{"allow":["GET"]}}],"collection":[{"href":"https:\/\/les3domaines-epernay.com\/index.php?rest_route=\/wp\/v2\/pages"}],"about":[{"href":"https:\/\/les3domaines-epernay.com\/index.php?rest_route=\/wp\/v2\/types\/page"}],"author":[{"embeddable":true,"href":"https:\/\/les3domaines-epernay.com\/index.php?rest_route=\/wp\/v2\/users\/1"}],"replies":[{"embeddable":true,"href":"https:\/\/les3domaines-epernay.com\/index.php?rest_route=%2Fwp%2Fv2%2Fcomments&post=2"}],"version-history":[{"count":4,"href":"https:\/\/les3domaines-epernay.com\/index.php?rest_route=\/wp\/v2\/pages\/2\/revisions"}],"predecessor-version":[{"id":506,"href":"https:\/\/les3domaines-epernay.com\/index.php?rest_route=\/wp\/v2\/pages\/2\/revisions\/506"}],"wp:attachment":[{"href":"https:\/\/les3domaines-epernay.com\/index.php?rest_route=%2Fwp%2Fv2%2Fmedia&parent=2"}],"curies":[{"name":"wp","href":"https:\/\/api.w.org\/{rel}","templated":true}]}}