{"id":146,"date":"2020-08-11T10:46:41","date_gmt":"2020-08-11T10:46:41","guid":{"rendered":"https:\/\/bridge389.qodeinteractive.com\/?page_id=146"},"modified":"2022-04-28T17:23:15","modified_gmt":"2022-04-28T15:23:15","slug":"rooms","status":"publish","type":"page","link":"https:\/\/les3domaines-epernay.com\/?page_id=146","title":{"rendered":"l&rsquo;espace"},"content":{"rendered":"\t\t<div data-elementor-type=\"wp-page\" data-elementor-id=\"146\" class=\"elementor elementor-146\" data-elementor-settings=\"[]\">\n\t\t\t\t\t\t\t<div class=\"elementor-section-wrap\">\n\t\t\t\t\t\t\t<section class=\"elementor-section elementor-top-section elementor-element elementor-element-6aac2e48 elementor-section-full_width qode_elementor_container_inner elementor-section-height-default elementor-section-height-default parallax_section_no\" data-id=\"6aac2e48\" data-element_type=\"section\">\n\t\t\t\t\t\t<div class=\"elementor-container elementor-column-gap-no\">\n\t\t\t\t\t<div class=\"elementor-column elementor-col-100 elementor-top-column elementor-element elementor-element-a9f8fe2\" data-id=\"a9f8fe2\" data-element_type=\"column\">\n\t\t\t<div class=\"elementor-widget-wrap elementor-element-populated\">\n\t\t\t\t\t\t\t\t<div class=\"elementor-element elementor-element-6595596c elementor-widget elementor-widget-text-editor\" data-id=\"6595596c\" data-element_type=\"widget\" data-widget_type=\"text-editor.default\">\n\t\t\t\t<div class=\"elementor-widget-container\">\n\t\t\t<style>\/*! elementor - v3.5.6 - 28-02-2022 *\/\n.elementor-widget-text-editor.elementor-drop-cap-view-stacked .elementor-drop-cap{background-color:#818a91;color:#fff}.elementor-widget-text-editor.elementor-drop-cap-view-framed .elementor-drop-cap{color:#818a91;border:3px solid;background-color:transparent}.elementor-widget-text-editor:not(.elementor-drop-cap-view-default) .elementor-drop-cap{margin-top:8px}.elementor-widget-text-editor:not(.elementor-drop-cap-view-default) .elementor-drop-cap-letter{width:1em;height:1em}.elementor-widget-text-editor .elementor-drop-cap{float:left;text-align:center;line-height:1;font-size:50px}.elementor-widget-text-editor .elementor-drop-cap-letter{display:inline-block}<\/style>\t\t\t\t<h1 style=\"text-align: center;\">visiter notre espace conviviale<\/h1>\t\t\t\t\t\t<\/div>\n\t\t\t\t<\/div>\n\t\t\t\t<div class=\"elementor-element elementor-element-4d9359dc elementor-widget elementor-widget-image\" data-id=\"4d9359dc\" data-element_type=\"widget\" data-widget_type=\"image.default\">\n\t\t\t\t<div class=\"elementor-widget-container\">\n\t\t\t<style>\/*! elementor - v3.5.6 - 28-02-2022 *\/\n.elementor-widget-image{text-align:center}.elementor-widget-image a{display:inline-block}.elementor-widget-image a img[src$=\".svg\"]{width:48px}.elementor-widget-image img{vertical-align:middle;display:inline-block}<\/style>\t\t\t\t\t\t\t\t\t\t\t\t<img loading=\"lazy\" decoding=\"async\" width=\"70\" height=\"2\" src=\"https:\/\/les3domaines-epernay.com\/wp-content\/uploads\/2020\/08\/border.png\" class=\"attachment-full size-full\" alt=\"m\" \/>\t\t\t\t\t\t\t\t\t\t\t\t\t\t\t<\/div>\n\t\t\t\t<\/div>\n\t\t\t\t<div class=\"elementor-element elementor-element-25021be4 elementor-widget elementor-widget-text-editor\" data-id=\"25021be4\" data-element_type=\"widget\" data-widget_type=\"text-editor.default\">\n\t\t\t\t<div class=\"elementor-widget-container\">\n\t\t\t\t\t\t\t<div dir=\"auto\"><strong><span id=\"p2\">Notre espace de d\u00e9gustation est ouvert toute l&rsquo;ann\u00e9e.<\/span><span id=\"p6\">\u00a0Profitez de notre terrasse ext\u00e9rieure ensoleill\u00e9e toute la journ\u00e9e aux beaux jours.<\/span><\/strong><\/div><div dir=\"auto\">\u00a0<\/div><div dir=\"auto\"><strong>Notre espace int\u00e9rieur \u00e0 la tonalit\u00e9 bois\u00e9e et florale saura vous accueillir.<\/strong><\/div><div dir=\"auto\">\u00a0<\/div><div dir=\"auto\"><b>Profitez de chaque instant.<\/b><\/div><div dir=\"auto\">\u00a0<\/div><div dir=\"auto\"><p><strong>Repas du midi , convivialit\u00e9 entre coll\u00e8gue &#8211; Ap\u00e9ro after work &#8211; Repas d&rsquo;affaire &#8211; <\/strong><\/p><p><strong>R\u00e9union de travail &#8211; <\/strong><strong>S\u00e9minaire<\/strong><\/p><p>\u00a0<\/p><\/div><div dir=\"auto\"><strong>Afin de r\u00e9server votre place, vous pouvez nous contacter<\/strong><\/div><div dir=\"auto\"><strong> au : 06.76.93.46.99<\/strong><\/div><div dir=\"auto\">\u00a0<\/div><div dir=\"auto\"><strong>Nous avons h\u00e2te de vous retrouver !<\/strong><\/div><div dir=\"auto\">\u00a0<\/div><div dir=\"auto\"><p>Our tasting room is open all year round.\u00a0Take advantage of our sunny outdoor terrace all day long in good weather.<\/p><p>Our interior space with its woody and floral tone will welcome you.<\/p><p>\u00a0<\/p><p>Lunch, conviviality between colleagues &#8211; Aperitif after work &#8211; Business meal &#8211;<\/p><p>Work meeting &#8211; Seminar<\/p><p>\u00a0<\/p><p>To reserve your place, you can contact us<br \/>at : 06.76.93.46.99<\/p><p>We look forward to seeing you !<\/p><\/div>\t\t\t\t\t\t<\/div>\n\t\t\t\t<\/div>\n\t\t\t\t\t<\/div>\n\t\t<\/div>\n\t\t\t\t\t\t\t<\/div>\n\t\t<\/section>\n\t\t\t\t<section class=\"elementor-section elementor-top-section elementor-element elementor-element-2f1d1bd elementor-section-full_width qode_elementor_container_inner elementor-section-height-default elementor-section-height-default parallax_section_no\" data-id=\"2f1d1bd\" data-element_type=\"section\">\n\t\t\t\t\t\t<div class=\"elementor-container elementor-column-gap-no\">\n\t\t\t\t\t<div class=\"elementor-column elementor-col-100 elementor-top-column elementor-element elementor-element-12747ee\" data-id=\"12747ee\" data-element_type=\"column\">\n\t\t\t<div class=\"elementor-widget-wrap elementor-element-populated\">\n\t\t\t\t\t\t\t\t<div class=\"elementor-element elementor-element-ad95921 elementor-widget__width-auto elementor-widget elementor-widget-global elementor-global-620 elementor-widget-bridge_button\" data-id=\"ad95921\" data-element_type=\"widget\" data-widget_type=\"bridge_button.default\">\n\t\t\t\t<div class=\"elementor-widget-container\">\n\t\t\t<a id=\"https:\/\/les3domaines-epernay.com\/?page_id=181\" itemprop=\"url\" href=\"https:\/\/les3domaines-epernay.com\/?page_id=181\" target=\"_self\"  class=\"qbutton  default\" style=\"\">reservation<\/a>\t\t<\/div>\n\t\t\t\t<\/div>\n\t\t\t\t\t<\/div>\n\t\t<\/div>\n\t\t\t\t\t\t\t<\/div>\n\t\t<\/section>\n\t\t\t\t<section class=\"elementor-section elementor-top-section elementor-element elementor-element-edd428a elementor-section-full_width qode_elementor_container_inner elementor-section-height-default elementor-section-height-default parallax_section_no\" data-id=\"edd428a\" data-element_type=\"section\">\n\t\t\t\t\t\t<div class=\"elementor-container elementor-column-gap-no\">\n\t\t\t\t\t<div class=\"elementor-column elementor-col-33 elementor-top-column elementor-element elementor-element-718154e\" data-id=\"718154e\" data-element_type=\"column\">\n\t\t\t<div class=\"elementor-widget-wrap elementor-element-populated\">\n\t\t\t\t\t\t\t\t<div class=\"elementor-element elementor-element-4ab0872 elementor-widget elementor-widget-image\" data-id=\"4ab0872\" data-element_type=\"widget\" data-widget_type=\"image.default\">\n\t\t\t\t<div class=\"elementor-widget-container\">\n\t\t\t\t\t\t\t\t\t\t\t\t\t\t\t<img loading=\"lazy\" decoding=\"async\" width=\"692\" height=\"892\" src=\"https:\/\/les3domaines-epernay.com\/wp-content\/uploads\/2022\/04\/1-3-domaines-epernay-Champagne-Janisson-Baradon-Patrick-boivin-vincent-testulat.jpg\" class=\"attachment-full size-full\" alt=\"\" srcset=\"https:\/\/les3domaines-epernay.com\/wp-content\/uploads\/2022\/04\/1-3-domaines-epernay-Champagne-Janisson-Baradon-Patrick-boivin-vincent-testulat.jpg 692w, https:\/\/les3domaines-epernay.com\/wp-content\/uploads\/2022\/04\/1-3-domaines-epernay-Champagne-Janisson-Baradon-Patrick-boivin-vincent-testulat-233x300.jpg 233w\" sizes=\"auto, (max-width: 692px) 100vw, 692px\" \/>\t\t\t\t\t\t\t\t\t\t\t\t\t\t\t<\/div>\n\t\t\t\t<\/div>\n\t\t\t\t<div class=\"elementor-element elementor-element-1086865 elementor-widget elementor-widget-text-editor\" data-id=\"1086865\" data-element_type=\"widget\" data-widget_type=\"text-editor.default\">\n\t\t\t\t<div class=\"elementor-widget-container\">\n\t\t\t\t\t\t\t\t\t\t\t\t\t<\/div>\n\t\t\t\t<\/div>\n\t\t\t\t<div class=\"elementor-element elementor-element-3c813cc elementor-widget elementor-widget-text-editor\" data-id=\"3c813cc\" data-element_type=\"widget\" data-widget_type=\"text-editor.default\">\n\t\t\t\t<div class=\"elementor-widget-container\">\n\t\t\t\t\t\t\t<p>Terrasse<span id=\"25\">\u00a0\u00a0<\/span>ext\u00e9rieure\u00a0priv\u00e9e\u00a0pour d\u00e9guster l&rsquo;une de<strong> nos Cuv\u00e9es\u00a0aux\u00a03 Domaines.<\/strong><\/p>\t\t\t\t\t\t<\/div>\n\t\t\t\t<\/div>\n\t\t\t\t\t<\/div>\n\t\t<\/div>\n\t\t\t\t<div class=\"elementor-column elementor-col-33 elementor-top-column elementor-element elementor-element-12d9e40\" data-id=\"12d9e40\" data-element_type=\"column\">\n\t\t\t<div class=\"elementor-widget-wrap elementor-element-populated\">\n\t\t\t\t\t\t\t\t<div class=\"elementor-element elementor-element-acc146a elementor-widget elementor-widget-image\" data-id=\"acc146a\" data-element_type=\"widget\" data-widget_type=\"image.default\">\n\t\t\t\t<div class=\"elementor-widget-container\">\n\t\t\t\t\t\t\t\t\t\t\t\t\t\t\t<img loading=\"lazy\" decoding=\"async\" width=\"692\" height=\"892\" src=\"https:\/\/les3domaines-epernay.com\/wp-content\/uploads\/2022\/04\/3-domaines-2-epernay-Champagne-Janisson-Baradon-Patrick-boivin-vincent-testulat-1.png\" class=\"attachment-full size-full\" alt=\"\" srcset=\"https:\/\/les3domaines-epernay.com\/wp-content\/uploads\/2022\/04\/3-domaines-2-epernay-Champagne-Janisson-Baradon-Patrick-boivin-vincent-testulat-1.png 692w, https:\/\/les3domaines-epernay.com\/wp-content\/uploads\/2022\/04\/3-domaines-2-epernay-Champagne-Janisson-Baradon-Patrick-boivin-vincent-testulat-1-233x300.png 233w\" sizes=\"auto, (max-width: 692px) 100vw, 692px\" \/>\t\t\t\t\t\t\t\t\t\t\t\t\t\t\t<\/div>\n\t\t\t\t<\/div>\n\t\t\t\t<div class=\"elementor-element elementor-element-732fa19 elementor-widget elementor-widget-text-editor\" data-id=\"732fa19\" data-element_type=\"widget\" data-widget_type=\"text-editor.default\">\n\t\t\t\t<div class=\"elementor-widget-container\">\n\t\t\t\t\t\t\t\t\t\t\t\t\t<\/div>\n\t\t\t\t<\/div>\n\t\t\t\t<div class=\"elementor-element elementor-element-a85060e elementor-widget elementor-widget-text-editor\" data-id=\"a85060e\" data-element_type=\"widget\" data-widget_type=\"text-editor.default\">\n\t\t\t\t<div class=\"elementor-widget-container\">\n\t\t\t\t\t\t\t<p>Espace ext\u00e9rieure en terrasse pour d\u00e9guster l&rsquo;une de <strong>nos Cuv\u00e9es aux 3 Domaines.<\/strong><\/p>\t\t\t\t\t\t<\/div>\n\t\t\t\t<\/div>\n\t\t\t\t\t<\/div>\n\t\t<\/div>\n\t\t\t\t<div class=\"elementor-column elementor-col-33 elementor-top-column elementor-element elementor-element-507fc19\" data-id=\"507fc19\" data-element_type=\"column\">\n\t\t\t<div class=\"elementor-widget-wrap elementor-element-populated\">\n\t\t\t\t\t\t\t\t<div class=\"elementor-element elementor-element-69eadee elementor-widget elementor-widget-image\" data-id=\"69eadee\" data-element_type=\"widget\" data-widget_type=\"image.default\">\n\t\t\t\t<div class=\"elementor-widget-container\">\n\t\t\t\t\t\t\t\t\t\t\t\t\t\t\t<img loading=\"lazy\" decoding=\"async\" width=\"692\" height=\"892\" src=\"https:\/\/les3domaines-epernay.com\/wp-content\/uploads\/2022\/03\/Fichier4les-3-domaines-epernay-avenue-de-champagne-e1649847769741.png\" class=\"attachment-full size-full\" alt=\"\" \/>\t\t\t\t\t\t\t\t\t\t\t\t\t\t\t<\/div>\n\t\t\t\t<\/div>\n\t\t\t\t<div class=\"elementor-element elementor-element-0156b0d elementor-widget elementor-widget-text-editor\" data-id=\"0156b0d\" data-element_type=\"widget\" data-widget_type=\"text-editor.default\">\n\t\t\t\t<div class=\"elementor-widget-container\">\n\t\t\t\t\t\t\t\t\t\t\t\t\t<\/div>\n\t\t\t\t<\/div>\n\t\t\t\t<div class=\"elementor-element elementor-element-515bbdc elementor-widget elementor-widget-text-editor\" data-id=\"515bbdc\" data-element_type=\"widget\" data-widget_type=\"text-editor.default\">\n\t\t\t\t<div class=\"elementor-widget-container\">\n\t\t\t\t\t\t\t<p>Offrez-vous un moment de d\u00e9tente dans notre <strong>espace VIP<\/strong> pour deux avec une vue imprenable.\u00a0<\/p>\t\t\t\t\t\t<\/div>\n\t\t\t\t<\/div>\n\t\t\t\t\t<\/div>\n\t\t<\/div>\n\t\t\t\t\t\t\t<\/div>\n\t\t<\/section>\n\t\t\t\t<section class=\"elementor-section elementor-top-section elementor-element elementor-element-86e0371 elementor-section-full_width qode_elementor_container_inner elementor-section-height-default elementor-section-height-default parallax_section_no\" data-id=\"86e0371\" data-element_type=\"section\">\n\t\t\t\t\t\t<div class=\"elementor-container elementor-column-gap-no\">\n\t\t\t\t\t<div class=\"elementor-column elementor-col-33 elementor-top-column elementor-element elementor-element-d531189\" data-id=\"d531189\" data-element_type=\"column\">\n\t\t\t<div class=\"elementor-widget-wrap elementor-element-populated\">\n\t\t\t\t\t\t\t\t<div class=\"elementor-element elementor-element-bfb6617 elementor-widget elementor-widget-image\" data-id=\"bfb6617\" data-element_type=\"widget\" data-widget_type=\"image.default\">\n\t\t\t\t<div class=\"elementor-widget-container\">\n\t\t\t\t\t\t\t\t\t\t\t\t\t\t\t<img loading=\"lazy\" decoding=\"async\" width=\"692\" height=\"892\" src=\"https:\/\/les3domaines-epernay.com\/wp-content\/uploads\/2022\/04\/1-les-3-domaines-epernay-avenue-de-champagne-1.jpg\" class=\"attachment-full size-full\" alt=\"\" srcset=\"https:\/\/les3domaines-epernay.com\/wp-content\/uploads\/2022\/04\/1-les-3-domaines-epernay-avenue-de-champagne-1.jpg 692w, https:\/\/les3domaines-epernay.com\/wp-content\/uploads\/2022\/04\/1-les-3-domaines-epernay-avenue-de-champagne-1-233x300.jpg 233w\" sizes=\"auto, (max-width: 692px) 100vw, 692px\" \/>\t\t\t\t\t\t\t\t\t\t\t\t\t\t\t<\/div>\n\t\t\t\t<\/div>\n\t\t\t\t<div class=\"elementor-element elementor-element-7a801c2 elementor-widget elementor-widget-text-editor\" data-id=\"7a801c2\" data-element_type=\"widget\" data-widget_type=\"text-editor.default\">\n\t\t\t\t<div class=\"elementor-widget-container\">\n\t\t\t\t\t\t\t\t\t\t\t\t\t<\/div>\n\t\t\t\t<\/div>\n\t\t\t\t<div class=\"elementor-element elementor-element-bbdba2f elementor-widget elementor-widget-text-editor\" data-id=\"bbdba2f\" data-element_type=\"widget\" data-widget_type=\"text-editor.default\">\n\t\t\t\t<div class=\"elementor-widget-container\">\n\t\t\t\t\t\t\t<p>Melle et Boris seront heureux de vous accueillir et vous renseigner sur <strong>nos diff\u00e9rentes trilogies.\u00a0<\/strong><\/p>\t\t\t\t\t\t<\/div>\n\t\t\t\t<\/div>\n\t\t\t\t\t<\/div>\n\t\t<\/div>\n\t\t\t\t<div class=\"elementor-column elementor-col-33 elementor-top-column elementor-element elementor-element-5c7f886\" data-id=\"5c7f886\" data-element_type=\"column\">\n\t\t\t<div class=\"elementor-widget-wrap elementor-element-populated\">\n\t\t\t\t\t\t\t\t<div class=\"elementor-element elementor-element-3770493 elementor-widget elementor-widget-image\" data-id=\"3770493\" data-element_type=\"widget\" data-widget_type=\"image.default\">\n\t\t\t\t<div class=\"elementor-widget-container\">\n\t\t\t\t\t\t\t\t\t\t\t\t\t\t\t<img loading=\"lazy\" decoding=\"async\" width=\"692\" height=\"892\" src=\"https:\/\/les3domaines-epernay.com\/wp-content\/uploads\/2022\/04\/1-les-3-domaines-epernay-avenue-de-champagne.jpg\" class=\"attachment-full size-full\" alt=\"\" srcset=\"https:\/\/les3domaines-epernay.com\/wp-content\/uploads\/2022\/04\/1-les-3-domaines-epernay-avenue-de-champagne.jpg 692w, https:\/\/les3domaines-epernay.com\/wp-content\/uploads\/2022\/04\/1-les-3-domaines-epernay-avenue-de-champagne-233x300.jpg 233w\" sizes=\"auto, (max-width: 692px) 100vw, 692px\" \/>\t\t\t\t\t\t\t\t\t\t\t\t\t\t\t<\/div>\n\t\t\t\t<\/div>\n\t\t\t\t<div class=\"elementor-element elementor-element-cf7b634 elementor-widget elementor-widget-text-editor\" data-id=\"cf7b634\" data-element_type=\"widget\" data-widget_type=\"text-editor.default\">\n\t\t\t\t<div class=\"elementor-widget-container\">\n\t\t\t\t\t\t\t\t\t\t\t\t\t<\/div>\n\t\t\t\t<\/div>\n\t\t\t\t<div class=\"elementor-element elementor-element-d5b9045 elementor-widget elementor-widget-text-editor\" data-id=\"d5b9045\" data-element_type=\"widget\" data-widget_type=\"text-editor.default\">\n\t\t\t\t<div class=\"elementor-widget-container\">\n\t\t\t\t\t\t\t<p>Dans un espace <strong>baign\u00e9e de lumi\u00e8re avec une d\u00e9coration florale.<\/strong><\/p>\t\t\t\t\t\t<\/div>\n\t\t\t\t<\/div>\n\t\t\t\t\t<\/div>\n\t\t<\/div>\n\t\t\t\t<div class=\"elementor-column elementor-col-33 elementor-top-column elementor-element elementor-element-4d5654b\" data-id=\"4d5654b\" data-element_type=\"column\">\n\t\t\t<div class=\"elementor-widget-wrap elementor-element-populated\">\n\t\t\t\t\t\t\t\t<div class=\"elementor-element elementor-element-b978d7b elementor-widget elementor-widget-image\" data-id=\"b978d7b\" data-element_type=\"widget\" data-widget_type=\"image.default\">\n\t\t\t\t<div class=\"elementor-widget-container\">\n\t\t\t\t\t\t\t\t\t\t\t\t\t\t\t<img loading=\"lazy\" decoding=\"async\" width=\"692\" height=\"892\" src=\"https:\/\/les3domaines-epernay.com\/wp-content\/uploads\/2022\/04\/1-LES-3-DOMAINE-EPERNAY-PATRICK-BOIVIN-JANISSON-BARADON-VINCENT-TESTULAT.jpg\" class=\"attachment-full size-full\" alt=\"\" srcset=\"https:\/\/les3domaines-epernay.com\/wp-content\/uploads\/2022\/04\/1-LES-3-DOMAINE-EPERNAY-PATRICK-BOIVIN-JANISSON-BARADON-VINCENT-TESTULAT.jpg 692w, https:\/\/les3domaines-epernay.com\/wp-content\/uploads\/2022\/04\/1-LES-3-DOMAINE-EPERNAY-PATRICK-BOIVIN-JANISSON-BARADON-VINCENT-TESTULAT-233x300.jpg 233w\" sizes=\"auto, (max-width: 692px) 100vw, 692px\" \/>\t\t\t\t\t\t\t\t\t\t\t\t\t\t\t<\/div>\n\t\t\t\t<\/div>\n\t\t\t\t<div class=\"elementor-element elementor-element-8b1e7cf elementor-widget elementor-widget-text-editor\" data-id=\"8b1e7cf\" data-element_type=\"widget\" data-widget_type=\"text-editor.default\">\n\t\t\t\t<div class=\"elementor-widget-container\">\n\t\t\t\t\t\t\t\t\t\t\t\t\t<\/div>\n\t\t\t\t<\/div>\n\t\t\t\t<div class=\"elementor-element elementor-element-199fea5 elementor-widget elementor-widget-text-editor\" data-id=\"199fea5\" data-element_type=\"widget\" data-widget_type=\"text-editor.default\">\n\t\t\t\t<div class=\"elementor-widget-container\">\n\t\t\t\t\t\t\t<p>Pr\u00e9sentation de nos Cuv\u00e9es <strong>Champagne Patrick Boivin &#8211; Vincent Testulat &#8211; Janisson Barado<\/strong>n.<\/p>\t\t\t\t\t\t<\/div>\n\t\t\t\t<\/div>\n\t\t\t\t\t<\/div>\n\t\t<\/div>\n\t\t\t\t\t\t\t<\/div>\n\t\t<\/section>\n\t\t\t\t\t\t<\/div>\n\t\t\t\t\t<\/div>\n\t\t","protected":false},"excerpt":{"rendered":"<p>visiter notre espace conviviale Notre espace de d\u00e9gustation est ouvert toute l&rsquo;ann\u00e9e.\u00a0Profitez de notre terrasse ext\u00e9rieure ensoleill\u00e9e toute la journ\u00e9e aux beaux jours.\u00a0Notre espace int\u00e9rieur \u00e0 la tonalit\u00e9 bois\u00e9e et florale saura vous accueillir.\u00a0Profitez de chaque instant.\u00a0 Repas du midi , convivialit\u00e9 entre coll\u00e8gue &#8211;&#8230;<\/p>\n","protected":false},"author":1,"featured_media":0,"parent":0,"menu_order":0,"comment_status":"closed","ping_status":"closed","template":"full_width.php","meta":{"footnotes":""},"class_list":["post-146","page","type-page","status-publish","hentry"],"yoast_head":"<!-- This site is optimized with the Yoast SEO plugin v19.3 - https:\/\/yoast.com\/wordpress\/plugins\/seo\/ -->\n<title>l&#039;espace - Les 3 domaines Epernay<\/title>\n<meta name=\"robots\" content=\"index, follow, max-snippet:-1, max-image-preview:large, max-video-preview:-1\" \/>\n<link rel=\"canonical\" href=\"https:\/\/les3domaines-epernay.com\/?page_id=146\" \/>\n<meta property=\"og:locale\" content=\"fr_FR\" \/>\n<meta property=\"og:type\" content=\"article\" \/>\n<meta property=\"og:title\" content=\"l&#039;espace - Les 3 domaines Epernay\" \/>\n<meta property=\"og:description\" content=\"visiter notre espace conviviale Notre espace de d\u00e9gustation est ouvert toute l&rsquo;ann\u00e9e.\u00a0Profitez de notre terrasse ext\u00e9rieure ensoleill\u00e9e toute la journ\u00e9e aux beaux jours.\u00a0Notre espace int\u00e9rieur \u00e0 la tonalit\u00e9 bois\u00e9e et florale saura vous accueillir.\u00a0Profitez de chaque instant.\u00a0 Repas du midi , convivialit\u00e9 entre coll\u00e8gue &#8211;...\" \/>\n<meta property=\"og:url\" content=\"https:\/\/les3domaines-epernay.com\/?page_id=146\" \/>\n<meta property=\"og:site_name\" content=\"Les 3 domaines Epernay\" \/>\n<meta property=\"article:publisher\" content=\"https:\/\/www.facebook.com\/les3domainesEpernay\" \/>\n<meta property=\"article:modified_time\" content=\"2022-04-28T15:23:15+00:00\" \/>\n<meta property=\"og:image\" content=\"https:\/\/les3domaines-epernay.com\/wp-content\/uploads\/2020\/08\/border.png\" \/>\n<meta name=\"twitter:card\" content=\"summary_large_image\" \/>\n<meta name=\"twitter:label1\" content=\"Dur\u00e9e de lecture estim\u00e9e\" \/>\n\t<meta name=\"twitter:data1\" content=\"1 minute\" \/>\n<script type=\"application\/ld+json\" class=\"yoast-schema-graph\">{\"@context\":\"https:\/\/schema.org\",\"@graph\":[{\"@type\":\"WebSite\",\"@id\":\"https:\/\/les3domaines-epernay.com\/#website\",\"url\":\"https:\/\/les3domaines-epernay.com\/\",\"name\":\"Les 3 domaines Epernay\",\"description\":\"Espace de D\u00e9gustation - Vente \u00e0 emporter - Champagne de Producteurs\",\"potentialAction\":[{\"@type\":\"SearchAction\",\"target\":{\"@type\":\"EntryPoint\",\"urlTemplate\":\"https:\/\/les3domaines-epernay.com\/?s={search_term_string}\"},\"query-input\":\"required name=search_term_string\"}],\"inLanguage\":\"fr-FR\"},{\"@type\":\"ImageObject\",\"inLanguage\":\"fr-FR\",\"@id\":\"https:\/\/les3domaines-epernay.com\/?page_id=146#primaryimage\",\"url\":\"https:\/\/les3domaines-epernay.com\/wp-content\/uploads\/2020\/08\/border.png\",\"contentUrl\":\"https:\/\/les3domaines-epernay.com\/wp-content\/uploads\/2020\/08\/border.png\",\"width\":70,\"height\":2,\"caption\":\"m\"},{\"@type\":\"WebPage\",\"@id\":\"https:\/\/les3domaines-epernay.com\/?page_id=146\",\"url\":\"https:\/\/les3domaines-epernay.com\/?page_id=146\",\"name\":\"l'espace - Les 3 domaines Epernay\",\"isPartOf\":{\"@id\":\"https:\/\/les3domaines-epernay.com\/#website\"},\"primaryImageOfPage\":{\"@id\":\"https:\/\/les3domaines-epernay.com\/?page_id=146#primaryimage\"},\"datePublished\":\"2020-08-11T10:46:41+00:00\",\"dateModified\":\"2022-04-28T15:23:15+00:00\",\"breadcrumb\":{\"@id\":\"https:\/\/les3domaines-epernay.com\/?page_id=146#breadcrumb\"},\"inLanguage\":\"fr-FR\",\"potentialAction\":[{\"@type\":\"ReadAction\",\"target\":[\"https:\/\/les3domaines-epernay.com\/?page_id=146\"]}]},{\"@type\":\"BreadcrumbList\",\"@id\":\"https:\/\/les3domaines-epernay.com\/?page_id=146#breadcrumb\",\"itemListElement\":[{\"@type\":\"ListItem\",\"position\":1,\"name\":\"Accueil\",\"item\":\"https:\/\/les3domaines-epernay.com\/\"},{\"@type\":\"ListItem\",\"position\":2,\"name\":\"l&rsquo;espace\"}]}]}<\/script>\n<!-- \/ Yoast SEO plugin. -->","yoast_head_json":{"title":"l'espace - Les 3 domaines Epernay","robots":{"index":"index","follow":"follow","max-snippet":"max-snippet:-1","max-image-preview":"max-image-preview:large","max-video-preview":"max-video-preview:-1"},"canonical":"https:\/\/les3domaines-epernay.com\/?page_id=146","og_locale":"fr_FR","og_type":"article","og_title":"l'espace - Les 3 domaines Epernay","og_description":"visiter notre espace conviviale Notre espace de d\u00e9gustation est ouvert toute l&rsquo;ann\u00e9e.\u00a0Profitez de notre terrasse ext\u00e9rieure ensoleill\u00e9e toute la journ\u00e9e aux beaux jours.\u00a0Notre espace int\u00e9rieur \u00e0 la tonalit\u00e9 bois\u00e9e et florale saura vous accueillir.\u00a0Profitez de chaque instant.\u00a0 Repas du midi , convivialit\u00e9 entre coll\u00e8gue &#8211;...","og_url":"https:\/\/les3domaines-epernay.com\/?page_id=146","og_site_name":"Les 3 domaines Epernay","article_publisher":"https:\/\/www.facebook.com\/les3domainesEpernay","article_modified_time":"2022-04-28T15:23:15+00:00","og_image":[{"url":"https:\/\/les3domaines-epernay.com\/wp-content\/uploads\/2020\/08\/border.png"}],"twitter_card":"summary_large_image","twitter_misc":{"Dur\u00e9e de lecture estim\u00e9e":"1 minute"},"schema":{"@context":"https:\/\/schema.org","@graph":[{"@type":"WebSite","@id":"https:\/\/les3domaines-epernay.com\/#website","url":"https:\/\/les3domaines-epernay.com\/","name":"Les 3 domaines Epernay","description":"Espace de D\u00e9gustation - Vente \u00e0 emporter - Champagne de Producteurs","potentialAction":[{"@type":"SearchAction","target":{"@type":"EntryPoint","urlTemplate":"https:\/\/les3domaines-epernay.com\/?s={search_term_string}"},"query-input":"required name=search_term_string"}],"inLanguage":"fr-FR"},{"@type":"ImageObject","inLanguage":"fr-FR","@id":"https:\/\/les3domaines-epernay.com\/?page_id=146#primaryimage","url":"https:\/\/les3domaines-epernay.com\/wp-content\/uploads\/2020\/08\/border.png","contentUrl":"https:\/\/les3domaines-epernay.com\/wp-content\/uploads\/2020\/08\/border.png","width":70,"height":2,"caption":"m"},{"@type":"WebPage","@id":"https:\/\/les3domaines-epernay.com\/?page_id=146","url":"https:\/\/les3domaines-epernay.com\/?page_id=146","name":"l'espace - Les 3 domaines Epernay","isPartOf":{"@id":"https:\/\/les3domaines-epernay.com\/#website"},"primaryImageOfPage":{"@id":"https:\/\/les3domaines-epernay.com\/?page_id=146#primaryimage"},"datePublished":"2020-08-11T10:46:41+00:00","dateModified":"2022-04-28T15:23:15+00:00","breadcrumb":{"@id":"https:\/\/les3domaines-epernay.com\/?page_id=146#breadcrumb"},"inLanguage":"fr-FR","potentialAction":[{"@type":"ReadAction","target":["https:\/\/les3domaines-epernay.com\/?page_id=146"]}]},{"@type":"BreadcrumbList","@id":"https:\/\/les3domaines-epernay.com\/?page_id=146#breadcrumb","itemListElement":[{"@type":"ListItem","position":1,"name":"Accueil","item":"https:\/\/les3domaines-epernay.com\/"},{"@type":"ListItem","position":2,"name":"l&rsquo;espace"}]}]}},"_links":{"self":[{"href":"https:\/\/les3domaines-epernay.com\/index.php?rest_route=\/wp\/v2\/pages\/146","targetHints":{"allow":["GET"]}}],"collection":[{"href":"https:\/\/les3domaines-epernay.com\/index.php?rest_route=\/wp\/v2\/pages"}],"about":[{"href":"https:\/\/les3domaines-epernay.com\/index.php?rest_route=\/wp\/v2\/types\/page"}],"author":[{"embeddable":true,"href":"https:\/\/les3domaines-epernay.com\/index.php?rest_route=\/wp\/v2\/users\/1"}],"replies":[{"embeddable":true,"href":"https:\/\/les3domaines-epernay.com\/index.php?rest_route=%2Fwp%2Fv2%2Fcomments&post=146"}],"version-history":[{"count":96,"href":"https:\/\/les3domaines-epernay.com\/index.php?rest_route=\/wp\/v2\/pages\/146\/revisions"}],"predecessor-version":[{"id":1030,"href":"https:\/\/les3domaines-epernay.com\/index.php?rest_route=\/wp\/v2\/pages\/146\/revisions\/1030"}],"wp:attachment":[{"href":"https:\/\/les3domaines-epernay.com\/index.php?rest_route=%2Fwp%2Fv2%2Fmedia&parent=146"}],"curies":[{"name":"wp","href":"https:\/\/api.w.org\/{rel}","templated":true}]}}