{"id":103,"date":"2020-08-11T09:42:16","date_gmt":"2020-08-11T09:42:16","guid":{"rendered":"https:\/\/bridge389.qodeinteractive.com\/?page_id=103"},"modified":"2022-08-25T14:56:22","modified_gmt":"2022-08-25T12:56:22","slug":"about","status":"publish","type":"page","link":"https:\/\/les3domaines-epernay.com\/?page_id=103","title":{"rendered":"A propos"},"content":{"rendered":"\t\t<div data-elementor-type=\"wp-page\" data-elementor-id=\"103\" class=\"elementor elementor-103\" data-elementor-settings=\"[]\">\n\t\t\t\t\t\t\t<div class=\"elementor-section-wrap\">\n\t\t\t\t\t\t\t<section class=\"elementor-section elementor-top-section elementor-element elementor-element-871e797 elementor-section-full_width qode_elementor_container_inner elementor-section-height-default elementor-section-height-default parallax_section_no\" data-id=\"871e797\" data-element_type=\"section\">\n\t\t\t\t\t\t<div class=\"elementor-container elementor-column-gap-no\">\n\t\t\t\t\t<div class=\"elementor-column elementor-col-100 elementor-top-column elementor-element elementor-element-122f97d\" data-id=\"122f97d\" data-element_type=\"column\">\n\t\t\t<div class=\"elementor-widget-wrap elementor-element-populated\">\n\t\t\t\t\t\t\t\t<div class=\"elementor-element elementor-element-3071374 elementor-widget elementor-widget-text-editor\" data-id=\"3071374\" data-element_type=\"widget\" data-widget_type=\"text-editor.default\">\n\t\t\t\t<div class=\"elementor-widget-container\">\n\t\t\t<style>\/*! elementor - v3.5.6 - 28-02-2022 *\/\n.elementor-widget-text-editor.elementor-drop-cap-view-stacked .elementor-drop-cap{background-color:#818a91;color:#fff}.elementor-widget-text-editor.elementor-drop-cap-view-framed .elementor-drop-cap{color:#818a91;border:3px solid;background-color:transparent}.elementor-widget-text-editor:not(.elementor-drop-cap-view-default) .elementor-drop-cap{margin-top:8px}.elementor-widget-text-editor:not(.elementor-drop-cap-view-default) .elementor-drop-cap-letter{width:1em;height:1em}.elementor-widget-text-editor .elementor-drop-cap{float:left;text-align:center;line-height:1;font-size:50px}.elementor-widget-text-editor .elementor-drop-cap-letter{display:inline-block}<\/style>\t\t\t\t<h1 style=\"text-align: center;\">Nos trilogies<\/h1>\t\t\t\t\t\t<\/div>\n\t\t\t\t<\/div>\n\t\t\t\t<div class=\"elementor-element elementor-element-05fb0c4 elementor-widget elementor-widget-image\" data-id=\"05fb0c4\" data-element_type=\"widget\" data-widget_type=\"image.default\">\n\t\t\t\t<div class=\"elementor-widget-container\">\n\t\t\t<style>\/*! elementor - v3.5.6 - 28-02-2022 *\/\n.elementor-widget-image{text-align:center}.elementor-widget-image a{display:inline-block}.elementor-widget-image a img[src$=\".svg\"]{width:48px}.elementor-widget-image img{vertical-align:middle;display:inline-block}<\/style>\t\t\t\t\t\t\t\t\t\t\t\t<img loading=\"lazy\" decoding=\"async\" width=\"70\" height=\"2\" src=\"https:\/\/les3domaines-epernay.com\/wp-content\/uploads\/2020\/08\/border.png\" class=\"attachment-full size-full\" alt=\"m\" \/>\t\t\t\t\t\t\t\t\t\t\t\t\t\t\t<\/div>\n\t\t\t\t<\/div>\n\t\t\t\t<div class=\"elementor-element elementor-element-9293fb0 elementor-widget elementor-widget-text-editor\" data-id=\"9293fb0\" data-element_type=\"widget\" data-widget_type=\"text-editor.default\">\n\t\t\t\t<div class=\"elementor-widget-container\">\n\t\t\t\t\t\t\t<h3 style=\"text-align: center;\">Partez \u00e0 la d\u00e9couverte de nos terroirs \u00e0 travers nos diff\u00e9rentes trilogies :<\/h3>\n<h3 style=\"text-align: center;\">\u00ab\u00a0D\u00e9couverte\u00a0\u00bb,&nbsp; \u00ab\u00a0Blanc de Blancs\u00a0\u00bb, \u00ab\u00a0Ros\u00e9 \u00ab\u00a0et \u00ab\u00a0Exception\u00a0\u00bb.<\/h3>\n<h4 style=\"text-align: center;\">&nbsp;<\/h4>\t\t\t\t\t\t<\/div>\n\t\t\t\t<\/div>\n\t\t\t\t<div class=\"elementor-element elementor-element-e4fd4e9 elementor-widget elementor-widget-text-editor\" data-id=\"e4fd4e9\" data-element_type=\"widget\" data-widget_type=\"text-editor.default\">\n\t\t\t\t<div class=\"elementor-widget-container\">\n\t\t\t\t\t\t\t<p><strong>Eveillez vos sens en d\u00e9gustant les diff\u00e9rents c\u00e9pages de la Champagne dans des Cuv\u00e9es d&rsquo;assemblage ou de mono c\u00e9page.\u00a0 Un m\u00e9lange entre simplicit\u00e9 et authenticit\u00e9 situ\u00e9\u00a0 au 1 Avenue de Champagne.\u00a0<\/strong><\/p><p>\u00a0<\/p><p>Awaken your senses by tasting the different grape varieties of Champagne in Cuv\u00e9es d&rsquo;assemblage or mono c\u00e9page.\u00a0 A mixture between simplicity and authenticity located at 1 Avenue de Champagne.\u00a0<\/p>\t\t\t\t\t\t<\/div>\n\t\t\t\t<\/div>\n\t\t\t\t<div class=\"elementor-element elementor-element-4f70f12 elementor-widget elementor-widget-image\" data-id=\"4f70f12\" data-element_type=\"widget\" data-widget_type=\"image.default\">\n\t\t\t\t<div class=\"elementor-widget-container\">\n\t\t\t\t\t\t\t\t\t\t\t\t\t\t\t<img loading=\"lazy\" decoding=\"async\" width=\"748\" height=\"180\" src=\"https:\/\/les3domaines-epernay.com\/wp-content\/uploads\/2022\/04\/LOGOS-2-03.png\" class=\"attachment-full size-full\" alt=\"\" srcset=\"https:\/\/les3domaines-epernay.com\/wp-content\/uploads\/2022\/04\/LOGOS-2-03.png 748w, https:\/\/les3domaines-epernay.com\/wp-content\/uploads\/2022\/04\/LOGOS-2-03-300x72.png 300w, https:\/\/les3domaines-epernay.com\/wp-content\/uploads\/2022\/04\/LOGOS-2-03-700x168.png 700w\" sizes=\"auto, (max-width: 748px) 100vw, 748px\" \/>\t\t\t\t\t\t\t\t\t\t\t\t\t\t\t<\/div>\n\t\t\t\t<\/div>\n\t\t\t\t\t<\/div>\n\t\t<\/div>\n\t\t\t\t\t\t\t<\/div>\n\t\t<\/section>\n\t\t\t\t<section class=\"elementor-section elementor-top-section elementor-element elementor-element-3a71959e elementor-section-full_width elementor-section-height-default elementor-section-height-default parallax_section_no qode_elementor_container_no\" data-id=\"3a71959e\" data-element_type=\"section\" data-settings=\"{&quot;background_background&quot;:&quot;classic&quot;}\">\n\t\t\t\t\t\t<div class=\"elementor-container elementor-column-gap-default\">\n\t\t\t\t\t<div class=\"elementor-column elementor-col-100 elementor-top-column elementor-element elementor-element-6b491316\" data-id=\"6b491316\" data-element_type=\"column\">\n\t\t\t<div class=\"elementor-widget-wrap\">\n\t\t\t\t\t\t\t\t\t<\/div>\n\t\t<\/div>\n\t\t\t\t\t\t\t<\/div>\n\t\t<\/section>\n\t\t\t\t<section class=\"elementor-section elementor-top-section elementor-element elementor-element-3d9dca3e elementor-section-full_width qode_elementor_container_inner elementor-section-height-default elementor-section-height-default parallax_section_no\" data-id=\"3d9dca3e\" data-element_type=\"section\">\n\t\t\t\t\t\t<div class=\"elementor-container elementor-column-gap-no\">\n\t\t\t\t\t<div class=\"elementor-column elementor-col-100 elementor-top-column elementor-element elementor-element-654063fd\" data-id=\"654063fd\" data-element_type=\"column\">\n\t\t\t<div class=\"elementor-widget-wrap elementor-element-populated\">\n\t\t\t\t\t\t\t\t<div class=\"elementor-element elementor-element-6f87464f elementor-widget elementor-widget-text-editor\" data-id=\"6f87464f\" data-element_type=\"widget\" data-widget_type=\"text-editor.default\">\n\t\t\t\t<div class=\"elementor-widget-container\">\n\t\t\t\t\t\t\t<h1>nos produits de region<\/h1>\t\t\t\t\t\t<\/div>\n\t\t\t\t<\/div>\n\t\t\t\t<div class=\"elementor-element elementor-element-593b92fc elementor-widget elementor-widget-image\" data-id=\"593b92fc\" data-element_type=\"widget\" data-widget_type=\"image.default\">\n\t\t\t\t<div class=\"elementor-widget-container\">\n\t\t\t\t\t\t\t\t\t\t\t\t\t\t\t<img loading=\"lazy\" decoding=\"async\" width=\"70\" height=\"2\" src=\"https:\/\/les3domaines-epernay.com\/wp-content\/uploads\/2020\/08\/border.png\" class=\"attachment-full size-full\" alt=\"m\" \/>\t\t\t\t\t\t\t\t\t\t\t\t\t\t\t<\/div>\n\t\t\t\t<\/div>\n\t\t\t\t<section class=\"elementor-section elementor-inner-section elementor-element elementor-element-24f5b2a1 elementor-section-full_width elementor-section-height-default elementor-section-height-default parallax_section_no qode_elementor_container_no\" data-id=\"24f5b2a1\" data-element_type=\"section\">\n\t\t\t\t\t\t<div class=\"elementor-container elementor-column-gap-no\">\n\t\t\t\t\t<div class=\"elementor-column elementor-col-50 elementor-inner-column elementor-element elementor-element-44888bde\" data-id=\"44888bde\" data-element_type=\"column\">\n\t\t\t<div class=\"elementor-widget-wrap elementor-element-populated\">\n\t\t\t\t\t\t\t\t<div class=\"elementor-element elementor-element-2f84619a elementor-widget elementor-widget-text-editor\" data-id=\"2f84619a\" data-element_type=\"widget\" data-widget_type=\"text-editor.default\">\n\t\t\t\t<div class=\"elementor-widget-container\">\n\t\t\t\t\t\t\t<h4>Accompagnez votre d\u00e9gustation avec nos suggestions sal\u00e9es ou sucr\u00e9es de nos artisans locaux<\/h4>\t\t\t\t\t\t<\/div>\n\t\t\t\t<\/div>\n\t\t\t\t\t<\/div>\n\t\t<\/div>\n\t\t\t\t<div class=\"elementor-column elementor-col-50 elementor-inner-column elementor-element elementor-element-42e57387\" data-id=\"42e57387\" data-element_type=\"column\">\n\t\t\t<div class=\"elementor-widget-wrap elementor-element-populated\">\n\t\t\t\t\t\t\t\t<div class=\"elementor-element elementor-element-8bf58a9 elementor-widget elementor-widget-text-editor\" data-id=\"8bf58a9\" data-element_type=\"widget\" data-widget_type=\"text-editor.default\">\n\t\t\t\t<div class=\"elementor-widget-container\">\n\t\t\t\t\t\t\t<p class=\"p1\">Accompany your tasting with our salty or sweet suggestions from our local artisans<\/p>\t\t\t\t\t\t<\/div>\n\t\t\t\t<\/div>\n\t\t\t\t\t<\/div>\n\t\t<\/div>\n\t\t\t\t\t\t\t<\/div>\n\t\t<\/section>\n\t\t\t\t<div class=\"elementor-element elementor-element-111a80e3 elementor-widget elementor-widget-bridge_advanced_image_gallery\" data-id=\"111a80e3\" data-element_type=\"widget\" data-widget_type=\"bridge_advanced_image_gallery.default\">\n\t\t\t\t<div class=\"elementor-widget-container\">\n\t\t\t<div class=\"qode-advanced-image-gallery  qode-aig-carousel-type qode-no-space   \">\n\t<div class=\"qode-aig-slider qode-owl-slider\" data-number-of-items=\"3\" data-enable-loop=\"yes\" data-enable-autoplay=\"yes\" data-slider-speed=\"5000\" data-slider-speed-animation=\"600\" data-slider-padding=\"no\" data-enable-navigation=\"no\" data-enable-pagination=\"yes\">\n\t\t\t\t\t<div class=\"qode-aig-image\">\n\t\t\t\t\t\t\t\t\t<img loading=\"lazy\" decoding=\"async\" width=\"800\" height=\"1122\" src=\"https:\/\/les3domaines-epernay.com\/wp-content\/uploads\/2022\/04\/3-domaines-epernay-Champagne-Janisson-Baradon-Patrick-boivin-Vincent-Testulat-11.jpeg\" class=\"attachment-full size-full\" alt=\"\" srcset=\"https:\/\/les3domaines-epernay.com\/wp-content\/uploads\/2022\/04\/3-domaines-epernay-Champagne-Janisson-Baradon-Patrick-boivin-Vincent-Testulat-11.jpeg 800w, https:\/\/les3domaines-epernay.com\/wp-content\/uploads\/2022\/04\/3-domaines-epernay-Champagne-Janisson-Baradon-Patrick-boivin-Vincent-Testulat-11-214x300.jpeg 214w, https:\/\/les3domaines-epernay.com\/wp-content\/uploads\/2022\/04\/3-domaines-epernay-Champagne-Janisson-Baradon-Patrick-boivin-Vincent-Testulat-11-730x1024.jpeg 730w, https:\/\/les3domaines-epernay.com\/wp-content\/uploads\/2022\/04\/3-domaines-epernay-Champagne-Janisson-Baradon-Patrick-boivin-Vincent-Testulat-11-768x1077.jpeg 768w, https:\/\/les3domaines-epernay.com\/wp-content\/uploads\/2022\/04\/3-domaines-epernay-Champagne-Janisson-Baradon-Patrick-boivin-Vincent-Testulat-11-700x982.jpeg 700w\" sizes=\"auto, (max-width: 800px) 100vw, 800px\" \/>\t\t\t\t\t<span class=\"aig-gallery-hover\">\n\t\t\t\t\t\t\t\t\t\t\t<\/span>\n\t\t\t\t\t\t\t<\/div>\n\t\t\t\t\t<div class=\"qode-aig-image\">\n\t\t\t\t\t\t\t\t\t<img loading=\"lazy\" decoding=\"async\" width=\"632\" height=\"900\" src=\"https:\/\/les3domaines-epernay.com\/wp-content\/uploads\/2022\/04\/3-domaines-epernay-Champagne-Janisson-Baradon-Patrick-boivin-Vincent-Testulat-12-e1649847913710.jpeg\" class=\"attachment-full size-full\" alt=\"\" \/>\t\t\t\t\t<span class=\"aig-gallery-hover\">\n\t\t\t\t\t\t\t\t\t\t\t<\/span>\n\t\t\t\t\t\t\t<\/div>\n\t\t\t\t\t<div class=\"qode-aig-image\">\n\t\t\t\t\t\t\t\t\t<img loading=\"lazy\" decoding=\"async\" width=\"1009\" height=\"1423\" src=\"https:\/\/les3domaines-epernay.com\/wp-content\/uploads\/2022\/03\/les-3-domaines-epernay-avenue-de-champagne-8.jpg\" class=\"attachment-full size-full\" alt=\"\" srcset=\"https:\/\/les3domaines-epernay.com\/wp-content\/uploads\/2022\/03\/les-3-domaines-epernay-avenue-de-champagne-8.jpg 1009w, https:\/\/les3domaines-epernay.com\/wp-content\/uploads\/2022\/03\/les-3-domaines-epernay-avenue-de-champagne-8-213x300.jpg 213w, https:\/\/les3domaines-epernay.com\/wp-content\/uploads\/2022\/03\/les-3-domaines-epernay-avenue-de-champagne-8-726x1024.jpg 726w, https:\/\/les3domaines-epernay.com\/wp-content\/uploads\/2022\/03\/les-3-domaines-epernay-avenue-de-champagne-8-768x1083.jpg 768w, https:\/\/les3domaines-epernay.com\/wp-content\/uploads\/2022\/03\/les-3-domaines-epernay-avenue-de-champagne-8-700x987.jpg 700w\" sizes=\"auto, (max-width: 1009px) 100vw, 1009px\" \/>\t\t\t\t\t<span class=\"aig-gallery-hover\">\n\t\t\t\t\t\t\t\t\t\t\t<\/span>\n\t\t\t\t\t\t\t<\/div>\n\t\t\t\t\t<div class=\"qode-aig-image\">\n\t\t\t\t\t\t\t\t\t<img loading=\"lazy\" decoding=\"async\" width=\"1009\" height=\"1423\" src=\"https:\/\/les3domaines-epernay.com\/wp-content\/uploads\/2022\/03\/les-3-domaines-epernay-avenue-de-champagne-9.jpg\" class=\"attachment-full size-full\" alt=\"\" srcset=\"https:\/\/les3domaines-epernay.com\/wp-content\/uploads\/2022\/03\/les-3-domaines-epernay-avenue-de-champagne-9.jpg 1009w, https:\/\/les3domaines-epernay.com\/wp-content\/uploads\/2022\/03\/les-3-domaines-epernay-avenue-de-champagne-9-213x300.jpg 213w, https:\/\/les3domaines-epernay.com\/wp-content\/uploads\/2022\/03\/les-3-domaines-epernay-avenue-de-champagne-9-726x1024.jpg 726w, https:\/\/les3domaines-epernay.com\/wp-content\/uploads\/2022\/03\/les-3-domaines-epernay-avenue-de-champagne-9-768x1083.jpg 768w, https:\/\/les3domaines-epernay.com\/wp-content\/uploads\/2022\/03\/les-3-domaines-epernay-avenue-de-champagne-9-700x987.jpg 700w\" sizes=\"auto, (max-width: 1009px) 100vw, 1009px\" \/>\t\t\t\t\t<span class=\"aig-gallery-hover\">\n\t\t\t\t\t\t\t\t\t\t\t<\/span>\n\t\t\t\t\t\t\t<\/div>\n\t\t\t\t\t<div class=\"qode-aig-image\">\n\t\t\t\t\t\t\t\t\t<img loading=\"lazy\" decoding=\"async\" width=\"1009\" height=\"1423\" src=\"https:\/\/les3domaines-epernay.com\/wp-content\/uploads\/2022\/03\/les-3-domaines-epernay-avenue-de-champagne10.jpg\" class=\"attachment-full size-full\" alt=\"\" srcset=\"https:\/\/les3domaines-epernay.com\/wp-content\/uploads\/2022\/03\/les-3-domaines-epernay-avenue-de-champagne10.jpg 1009w, https:\/\/les3domaines-epernay.com\/wp-content\/uploads\/2022\/03\/les-3-domaines-epernay-avenue-de-champagne10-213x300.jpg 213w, https:\/\/les3domaines-epernay.com\/wp-content\/uploads\/2022\/03\/les-3-domaines-epernay-avenue-de-champagne10-726x1024.jpg 726w, https:\/\/les3domaines-epernay.com\/wp-content\/uploads\/2022\/03\/les-3-domaines-epernay-avenue-de-champagne10-768x1083.jpg 768w, https:\/\/les3domaines-epernay.com\/wp-content\/uploads\/2022\/03\/les-3-domaines-epernay-avenue-de-champagne10-700x987.jpg 700w\" sizes=\"auto, (max-width: 1009px) 100vw, 1009px\" \/>\t\t\t\t\t<span class=\"aig-gallery-hover\">\n\t\t\t\t\t\t\t\t\t\t\t<\/span>\n\t\t\t\t\t\t\t<\/div>\n\t\t\t\t\t<div class=\"qode-aig-image\">\n\t\t\t\t\t\t\t\t\t<img loading=\"lazy\" decoding=\"async\" width=\"638\" height=\"900\" src=\"https:\/\/les3domaines-epernay.com\/wp-content\/uploads\/2022\/03\/les-3-domaines-epernay-avenue-de-champagne-11-e1649848093326.jpg\" class=\"attachment-full size-full\" alt=\"\" \/>\t\t\t\t\t<span class=\"aig-gallery-hover\">\n\t\t\t\t\t\t\t\t\t\t\t<\/span>\n\t\t\t\t\t\t\t<\/div>\n\t\t\t<\/div>\n<\/div>\t\t<\/div>\n\t\t\t\t<\/div>\n\t\t\t\t\t<\/div>\n\t\t<\/div>\n\t\t\t\t\t\t\t<\/div>\n\t\t<\/section>\n\t\t\t\t\t\t<\/div>\n\t\t\t\t\t<\/div>\n\t\t","protected":false},"excerpt":{"rendered":"<p>Nos trilogies Partez \u00e0 la d\u00e9couverte de nos terroirs \u00e0 travers nos diff\u00e9rentes trilogies : \u00ab\u00a0D\u00e9couverte\u00a0\u00bb,&nbsp; \u00ab\u00a0Blanc de Blancs\u00a0\u00bb, \u00ab\u00a0Ros\u00e9 \u00ab\u00a0et \u00ab\u00a0Exception\u00a0\u00bb. &nbsp; Eveillez vos sens en d\u00e9gustant les diff\u00e9rents c\u00e9pages de la Champagne dans des Cuv\u00e9es d&rsquo;assemblage ou de mono c\u00e9page.\u00a0 Un m\u00e9lange entre&#8230;<\/p>\n","protected":false},"author":1,"featured_media":0,"parent":0,"menu_order":0,"comment_status":"closed","ping_status":"closed","template":"full_width.php","meta":{"footnotes":""},"class_list":["post-103","page","type-page","status-publish","hentry"],"yoast_head":"<!-- This site is optimized with the Yoast SEO plugin v19.3 - https:\/\/yoast.com\/wordpress\/plugins\/seo\/ -->\n<title>A propos - Les 3 domaines Epernay<\/title>\n<meta name=\"robots\" content=\"index, follow, max-snippet:-1, max-image-preview:large, max-video-preview:-1\" \/>\n<link rel=\"canonical\" href=\"https:\/\/les3domaines-epernay.com\/?page_id=103\" \/>\n<meta property=\"og:locale\" content=\"fr_FR\" \/>\n<meta property=\"og:type\" content=\"article\" \/>\n<meta property=\"og:title\" content=\"A propos - Les 3 domaines Epernay\" \/>\n<meta property=\"og:description\" content=\"Nos trilogies Partez \u00e0 la d\u00e9couverte de nos terroirs \u00e0 travers nos diff\u00e9rentes trilogies : \u00ab\u00a0D\u00e9couverte\u00a0\u00bb,&nbsp; \u00ab\u00a0Blanc de Blancs\u00a0\u00bb, \u00ab\u00a0Ros\u00e9 \u00ab\u00a0et \u00ab\u00a0Exception\u00a0\u00bb. &nbsp; Eveillez vos sens en d\u00e9gustant les diff\u00e9rents c\u00e9pages de la Champagne dans des Cuv\u00e9es d&rsquo;assemblage ou de mono c\u00e9page.\u00a0 Un m\u00e9lange entre...\" \/>\n<meta property=\"og:url\" content=\"https:\/\/les3domaines-epernay.com\/?page_id=103\" \/>\n<meta property=\"og:site_name\" content=\"Les 3 domaines Epernay\" \/>\n<meta property=\"article:publisher\" content=\"https:\/\/www.facebook.com\/les3domainesEpernay\" \/>\n<meta property=\"article:modified_time\" content=\"2022-08-25T12:56:22+00:00\" \/>\n<meta property=\"og:image\" content=\"https:\/\/les3domaines-epernay.com\/wp-content\/uploads\/2020\/08\/border.png\" \/>\n<meta name=\"twitter:card\" content=\"summary_large_image\" \/>\n<meta name=\"twitter:label1\" content=\"Dur\u00e9e de lecture estim\u00e9e\" \/>\n\t<meta name=\"twitter:data1\" content=\"4 minutes\" \/>\n<script type=\"application\/ld+json\" class=\"yoast-schema-graph\">{\"@context\":\"https:\/\/schema.org\",\"@graph\":[{\"@type\":\"WebSite\",\"@id\":\"https:\/\/les3domaines-epernay.com\/#website\",\"url\":\"https:\/\/les3domaines-epernay.com\/\",\"name\":\"Les 3 domaines Epernay\",\"description\":\"Espace de D\u00e9gustation - Vente \u00e0 emporter - Champagne de Producteurs\",\"potentialAction\":[{\"@type\":\"SearchAction\",\"target\":{\"@type\":\"EntryPoint\",\"urlTemplate\":\"https:\/\/les3domaines-epernay.com\/?s={search_term_string}\"},\"query-input\":\"required name=search_term_string\"}],\"inLanguage\":\"fr-FR\"},{\"@type\":\"ImageObject\",\"inLanguage\":\"fr-FR\",\"@id\":\"https:\/\/les3domaines-epernay.com\/?page_id=103#primaryimage\",\"url\":\"https:\/\/les3domaines-epernay.com\/wp-content\/uploads\/2020\/08\/border.png\",\"contentUrl\":\"https:\/\/les3domaines-epernay.com\/wp-content\/uploads\/2020\/08\/border.png\",\"width\":70,\"height\":2,\"caption\":\"m\"},{\"@type\":\"WebPage\",\"@id\":\"https:\/\/les3domaines-epernay.com\/?page_id=103\",\"url\":\"https:\/\/les3domaines-epernay.com\/?page_id=103\",\"name\":\"A propos - Les 3 domaines Epernay\",\"isPartOf\":{\"@id\":\"https:\/\/les3domaines-epernay.com\/#website\"},\"primaryImageOfPage\":{\"@id\":\"https:\/\/les3domaines-epernay.com\/?page_id=103#primaryimage\"},\"datePublished\":\"2020-08-11T09:42:16+00:00\",\"dateModified\":\"2022-08-25T12:56:22+00:00\",\"breadcrumb\":{\"@id\":\"https:\/\/les3domaines-epernay.com\/?page_id=103#breadcrumb\"},\"inLanguage\":\"fr-FR\",\"potentialAction\":[{\"@type\":\"ReadAction\",\"target\":[\"https:\/\/les3domaines-epernay.com\/?page_id=103\"]}]},{\"@type\":\"BreadcrumbList\",\"@id\":\"https:\/\/les3domaines-epernay.com\/?page_id=103#breadcrumb\",\"itemListElement\":[{\"@type\":\"ListItem\",\"position\":1,\"name\":\"Accueil\",\"item\":\"https:\/\/les3domaines-epernay.com\/\"},{\"@type\":\"ListItem\",\"position\":2,\"name\":\"A propos\"}]}]}<\/script>\n<!-- \/ Yoast SEO plugin. -->","yoast_head_json":{"title":"A propos - Les 3 domaines Epernay","robots":{"index":"index","follow":"follow","max-snippet":"max-snippet:-1","max-image-preview":"max-image-preview:large","max-video-preview":"max-video-preview:-1"},"canonical":"https:\/\/les3domaines-epernay.com\/?page_id=103","og_locale":"fr_FR","og_type":"article","og_title":"A propos - Les 3 domaines Epernay","og_description":"Nos trilogies Partez \u00e0 la d\u00e9couverte de nos terroirs \u00e0 travers nos diff\u00e9rentes trilogies : \u00ab\u00a0D\u00e9couverte\u00a0\u00bb,&nbsp; \u00ab\u00a0Blanc de Blancs\u00a0\u00bb, \u00ab\u00a0Ros\u00e9 \u00ab\u00a0et \u00ab\u00a0Exception\u00a0\u00bb. &nbsp; Eveillez vos sens en d\u00e9gustant les diff\u00e9rents c\u00e9pages de la Champagne dans des Cuv\u00e9es d&rsquo;assemblage ou de mono c\u00e9page.\u00a0 Un m\u00e9lange entre...","og_url":"https:\/\/les3domaines-epernay.com\/?page_id=103","og_site_name":"Les 3 domaines Epernay","article_publisher":"https:\/\/www.facebook.com\/les3domainesEpernay","article_modified_time":"2022-08-25T12:56:22+00:00","og_image":[{"url":"https:\/\/les3domaines-epernay.com\/wp-content\/uploads\/2020\/08\/border.png"}],"twitter_card":"summary_large_image","twitter_misc":{"Dur\u00e9e de lecture estim\u00e9e":"4 minutes"},"schema":{"@context":"https:\/\/schema.org","@graph":[{"@type":"WebSite","@id":"https:\/\/les3domaines-epernay.com\/#website","url":"https:\/\/les3domaines-epernay.com\/","name":"Les 3 domaines Epernay","description":"Espace de D\u00e9gustation - Vente \u00e0 emporter - Champagne de Producteurs","potentialAction":[{"@type":"SearchAction","target":{"@type":"EntryPoint","urlTemplate":"https:\/\/les3domaines-epernay.com\/?s={search_term_string}"},"query-input":"required name=search_term_string"}],"inLanguage":"fr-FR"},{"@type":"ImageObject","inLanguage":"fr-FR","@id":"https:\/\/les3domaines-epernay.com\/?page_id=103#primaryimage","url":"https:\/\/les3domaines-epernay.com\/wp-content\/uploads\/2020\/08\/border.png","contentUrl":"https:\/\/les3domaines-epernay.com\/wp-content\/uploads\/2020\/08\/border.png","width":70,"height":2,"caption":"m"},{"@type":"WebPage","@id":"https:\/\/les3domaines-epernay.com\/?page_id=103","url":"https:\/\/les3domaines-epernay.com\/?page_id=103","name":"A propos - Les 3 domaines Epernay","isPartOf":{"@id":"https:\/\/les3domaines-epernay.com\/#website"},"primaryImageOfPage":{"@id":"https:\/\/les3domaines-epernay.com\/?page_id=103#primaryimage"},"datePublished":"2020-08-11T09:42:16+00:00","dateModified":"2022-08-25T12:56:22+00:00","breadcrumb":{"@id":"https:\/\/les3domaines-epernay.com\/?page_id=103#breadcrumb"},"inLanguage":"fr-FR","potentialAction":[{"@type":"ReadAction","target":["https:\/\/les3domaines-epernay.com\/?page_id=103"]}]},{"@type":"BreadcrumbList","@id":"https:\/\/les3domaines-epernay.com\/?page_id=103#breadcrumb","itemListElement":[{"@type":"ListItem","position":1,"name":"Accueil","item":"https:\/\/les3domaines-epernay.com\/"},{"@type":"ListItem","position":2,"name":"A propos"}]}]}},"_links":{"self":[{"href":"https:\/\/les3domaines-epernay.com\/index.php?rest_route=\/wp\/v2\/pages\/103","targetHints":{"allow":["GET"]}}],"collection":[{"href":"https:\/\/les3domaines-epernay.com\/index.php?rest_route=\/wp\/v2\/pages"}],"about":[{"href":"https:\/\/les3domaines-epernay.com\/index.php?rest_route=\/wp\/v2\/types\/page"}],"author":[{"embeddable":true,"href":"https:\/\/les3domaines-epernay.com\/index.php?rest_route=\/wp\/v2\/users\/1"}],"replies":[{"embeddable":true,"href":"https:\/\/les3domaines-epernay.com\/index.php?rest_route=%2Fwp%2Fv2%2Fcomments&post=103"}],"version-history":[{"count":103,"href":"https:\/\/les3domaines-epernay.com\/index.php?rest_route=\/wp\/v2\/pages\/103\/revisions"}],"predecessor-version":[{"id":1060,"href":"https:\/\/les3domaines-epernay.com\/index.php?rest_route=\/wp\/v2\/pages\/103\/revisions\/1060"}],"wp:attachment":[{"href":"https:\/\/les3domaines-epernay.com\/index.php?rest_route=%2Fwp%2Fv2%2Fmedia&parent=103"}],"curies":[{"name":"wp","href":"https:\/\/api.w.org\/{rel}","templated":true}]}}